{"id":7200,"date":"2023-08-24T07:06:19","date_gmt":"2023-08-24T07:06:19","guid":{"rendered":"http:\/\/localhost\/import\/?page_id=7200"},"modified":"2026-02-23T15:46:55","modified_gmt":"2026-02-23T18:46:55","slug":"home-digital-agency","status":"publish","type":"page","link":"https:\/\/hidrausul.dm2ti.com.br\/","title":{"rendered":"Home Digital Agency"},"content":{"rendered":"\t\t<div data-elementor-type=\"wp-page\" data-elementor-id=\"7200\" class=\"elementor elementor-7200\">\n\t\t\t\t<div class=\"elementor-element elementor-element-73431608 e-flex e-con-boxed e-con e-parent\" data-id=\"73431608\" data-element_type=\"container\" data-e-type=\"container\">\n\t\t\t\t\t<div class=\"e-con-inner\">\n\t\t<div class=\"elementor-element elementor-element-2e5ba08f e-con-full e-flex e-con e-child\" data-id=\"2e5ba08f\" data-element_type=\"container\" data-e-type=\"container\">\n\t\t\t\t<div class=\"elementor-element elementor-element-266eefba elementor-widget elementor-widget-iheading\" data-id=\"266eefba\" data-element_type=\"widget\" data-e-type=\"widget\" data-widget_type=\"iheading.default\">\n\t\t\t\t<div class=\"elementor-widget-container\">\n\t\t\t\t\t\t\t<div class=\"section-head\">\n\t        \t            <h6><span>Nossas solu\u00e7\u00f5es<\/span><\/h6>\n\t        \t        <h2 class=\"section-title \" >Conhe\u00e7a nossa linha completa de solu\u00e7\u00f5es para sua empresa.<\/h2>\n\t        \t    <\/div>\n\t    \t\t\t\t<\/div>\n\t\t\t\t<\/div>\n\t\t\t\t<div class=\"elementor-element elementor-element-192de1f3 elementor-widget elementor-widget-ivideopopup\" data-id=\"192de1f3\" data-element_type=\"widget\" data-e-type=\"widget\" data-widget_type=\"ivideopopup.default\">\n\t\t\t\t<div class=\"elementor-widget-container\">\n\t\t\t\t\t\t\t<div class=\"video-popup\">\n\t\t\t\t\t\t<div class=\"btn-inner\">\n\t\t        <a class=\"btn-play\" href=\"\">\n\t\t        \t<svg aria-hidden=\"true\" class=\"e-font-icon-svg e-far-arrow-alt-circle-right\" viewBox=\"0 0 512 512\" xmlns=\"http:\/\/www.w3.org\/2000\/svg\"><path d=\"M504 256C504 119 393 8 256 8S8 119 8 256s111 248 248 248 248-111 248-248zm-448 0c0-110.5 89.5-200 200-200s200 89.5 200 200-89.5 200-200 200S56 366.5 56 256zm72 20v-40c0-6.6 5.4-12 12-12h116v-67c0-10.7 12.9-16 20.5-8.5l99 99c4.7 4.7 4.7 12.3 0 17l-99 99c-7.6 7.6-20.5 2.2-20.5-8.5v-67H140c-6.6 0-12-5.4-12-12z\"><\/path><\/svg>\t\t        \t\t\t        <\/a>\n\t        \t<span>Saiba mais<\/span>\t        <\/div>\n\t        \t    <\/div>\n\t    \t\t\t\t<\/div>\n\t\t\t\t<\/div>\n\t\t\t\t<div class=\"elementor-element elementor-element-1f213236 elementor-widget elementor-widget-text-editor\" data-id=\"1f213236\" data-element_type=\"widget\" data-e-type=\"widget\" data-widget_type=\"text-editor.default\">\n\t\t\t\t\t\t\t\t\t<p>Disponibilizamos um portf\u00f3lio completo de solu\u00e7\u00f5es hidr\u00e1ulicas, pneum\u00e1tica e filtros com desenvolvimento de projetos sob medida para atender \u00e0s demandas espec\u00edficas de cada cliente.<\/p>\t\t\t\t\t\t\t\t<\/div>\n\t\t\t\t<\/div>\n\t\t<div class=\"elementor-element elementor-element-3ccd8e1e e-con-full e-flex e-con e-child\" data-id=\"3ccd8e1e\" data-element_type=\"container\" data-e-type=\"container\">\n\t\t<div class=\"elementor-element elementor-element-2d6c3783 e-con-full e-flex e-con e-child\" data-id=\"2d6c3783\" data-element_type=\"container\" data-e-type=\"container\">\n\t\t\t\t<div class=\"elementor-element elementor-element-7cb13c8a elementor-widget elementor-widget-image\" data-id=\"7cb13c8a\" data-element_type=\"widget\" data-e-type=\"widget\" data-widget_type=\"image.default\">\n\t\t\t\t\t\t\t\t\t\t\t\t\t\t\t<img fetchpriority=\"high\" decoding=\"async\" width=\"1024\" height=\"683\" src=\"https:\/\/hidrausul.dm2ti.com.br\/wp-content\/uploads\/2026\/02\/cilindros.jpg\" class=\"attachment-full size-full wp-image-7247\" alt=\"\" srcset=\"https:\/\/hidrausul.dm2ti.com.br\/wp-content\/uploads\/2026\/02\/cilindros.jpg 1024w, https:\/\/hidrausul.dm2ti.com.br\/wp-content\/uploads\/2026\/02\/cilindros-600x400.jpg 600w, https:\/\/hidrausul.dm2ti.com.br\/wp-content\/uploads\/2026\/02\/cilindros-300x200.jpg 300w, https:\/\/hidrausul.dm2ti.com.br\/wp-content\/uploads\/2026\/02\/cilindros-768x512.jpg 768w\" sizes=\"(max-width: 1024px) 100vw, 1024px\" \/>\t\t\t\t\t\t\t\t\t\t\t\t\t\t\t<\/div>\n\t\t\t\t<div class=\"elementor-element elementor-element-42725be elementor-widget elementor-widget-image\" data-id=\"42725be\" data-element_type=\"widget\" data-e-type=\"widget\" data-widget_type=\"image.default\">\n\t\t\t\t\t\t\t\t\t\t\t\t\t\t\t<img decoding=\"async\" width=\"1024\" height=\"683\" src=\"https:\/\/hidrausul.dm2ti.com.br\/wp-content\/uploads\/2026\/02\/cilindros_hidra.jpg\" class=\"attachment-full size-full wp-image-7249\" alt=\"\" srcset=\"https:\/\/hidrausul.dm2ti.com.br\/wp-content\/uploads\/2026\/02\/cilindros_hidra.jpg 1024w, https:\/\/hidrausul.dm2ti.com.br\/wp-content\/uploads\/2026\/02\/cilindros_hidra-600x400.jpg 600w, https:\/\/hidrausul.dm2ti.com.br\/wp-content\/uploads\/2026\/02\/cilindros_hidra-300x200.jpg 300w, https:\/\/hidrausul.dm2ti.com.br\/wp-content\/uploads\/2026\/02\/cilindros_hidra-768x512.jpg 768w\" sizes=\"(max-width: 1024px) 100vw, 1024px\" \/>\t\t\t\t\t\t\t\t\t\t\t\t\t\t\t<\/div>\n\t\t\t\t<\/div>\n\t\t<div class=\"elementor-element elementor-element-17967296 e-con-full e-flex e-con e-child\" data-id=\"17967296\" data-element_type=\"container\" data-e-type=\"container\">\n\t\t\t\t<div class=\"elementor-element elementor-element-46ed2436 elementor-widget elementor-widget-image\" data-id=\"46ed2436\" data-element_type=\"widget\" data-e-type=\"widget\" data-widget_type=\"image.default\">\n\t\t\t\t\t\t\t\t\t\t\t\t\t\t\t<img decoding=\"async\" width=\"730\" height=\"456\" src=\"https:\/\/hidrausul.dm2ti.com.br\/wp-content\/uploads\/2026\/02\/filtros.png\" class=\"attachment-full size-full wp-image-7243\" alt=\"\" srcset=\"https:\/\/hidrausul.dm2ti.com.br\/wp-content\/uploads\/2026\/02\/filtros.png 730w, https:\/\/hidrausul.dm2ti.com.br\/wp-content\/uploads\/2026\/02\/filtros-600x375.png 600w, https:\/\/hidrausul.dm2ti.com.br\/wp-content\/uploads\/2026\/02\/filtros-300x187.png 300w\" sizes=\"(max-width: 730px) 100vw, 730px\" \/>\t\t\t\t\t\t\t\t\t\t\t\t\t\t\t<\/div>\n\t\t\t\t<\/div>\n\t\t\t\t<\/div>\n\t\t\t\t\t<\/div>\n\t\t\t\t<\/div>\n\t\t<div class=\"elementor-element elementor-element-1759a9b9 e-flex e-con-boxed e-con e-parent\" data-id=\"1759a9b9\" data-element_type=\"container\" data-e-type=\"container\">\n\t\t\t\t\t<div class=\"e-con-inner\">\n\t\t<div class=\"elementor-element elementor-element-5152e5ae e-flex e-con-boxed e-con e-child\" data-id=\"5152e5ae\" data-element_type=\"container\" data-e-type=\"container\">\n\t\t\t\t\t<div class=\"e-con-inner\">\n\t\t\t\t<div class=\"elementor-element elementor-element-6c4e10a1 elementor-widget elementor-widget-heading\" data-id=\"6c4e10a1\" data-element_type=\"widget\" data-e-type=\"widget\" data-widget_type=\"heading.default\">\n\t\t\t\t\t<h2 class=\"elementor-heading-title elementor-size-default\">Nossos Servi\u00e7os<\/h2>\t\t\t\t<\/div>\n\t\t\t\t<div class=\"elementor-element elementor-element-6d7bac23 elementor-widget__width-initial elementor-widget elementor-widget-text-editor\" data-id=\"6d7bac23\" data-element_type=\"widget\" data-e-type=\"widget\" data-widget_type=\"text-editor.default\">\n\t\t\t\t\t\t\t\t\t<p data-start=\"79\" data-end=\"179\">Oferecemos solu\u00e7\u00f5es completas em produtos de alta qualidade e assist\u00eancia t\u00e9cnica especializada.<\/p>\t\t\t\t\t\t\t\t<\/div>\n\t\t<div class=\"elementor-element elementor-element-1f80c9a9 e-grid e-con-boxed e-con e-child\" data-id=\"1f80c9a9\" data-element_type=\"container\" data-e-type=\"container\">\n\t\t\t\t\t<div class=\"e-con-inner\">\n\t\t\t\t<div class=\"elementor-element elementor-element-2fd74e07 ot-view-stacked ot-position-top elementor-widget elementor-widget-iiconbox\" data-id=\"2fd74e07\" data-element_type=\"widget\" data-e-type=\"widget\" data-widget_type=\"iiconbox.default\">\n\t\t\t\t<div class=\"elementor-widget-container\">\n\t\t\t\t\t\t\t<div class=\"ot-icon-box\">\n\t\t\t<div class=\"ot-icon-box__icon\">\n\t\t    \t\t\t    \t\t    \t\t\t    \t\t\t<i aria-hidden=\"true\" class=\" uil-airplay\"><\/i>\t    \t\t\t    \t\t\t        <\/div>\n\t        <div class=\"ot-icon-box__content\">\n\t        \t<h5 class=\"icon-box-title\"><a href=\"https:\/\/demo.oceanthemes.site\/techwind\/home-digital-agency\/\">Projetos hidr\u00e1ulicos<\/a><\/h5>\t        \t\t\t\t\t<div class=\"icon-box-des\">Desenvolvimento de projetos, dimensionamento e montagem de sistemas hidr\u00e1ulicos sob medida, garantindo efici\u00eancia, seguran\u00e7a e alto desempenho operacional.<\/div>\t\t\t\t\t\n\t\t\t\t\t\t\t<\/div>\n\t    <\/div>\n\t    \t\t\t\t<\/div>\n\t\t\t\t<\/div>\n\t\t\t\t<div class=\"elementor-element elementor-element-794cb08b ot-view-stacked ot-position-top elementor-widget elementor-widget-iiconbox\" data-id=\"794cb08b\" data-element_type=\"widget\" data-e-type=\"widget\" data-widget_type=\"iiconbox.default\">\n\t\t\t\t<div class=\"elementor-widget-container\">\n\t\t\t\t\t\t\t<div class=\"ot-icon-box\">\n\t\t\t<div class=\"ot-icon-box__icon\">\n\t\t    \t\t\t    \t\t    \t\t\t    \t\t\t<i aria-hidden=\"true\" class=\" uil-airplay\"><\/i>\t    \t\t\t    \t\t\t        <\/div>\n\t        <div class=\"ot-icon-box__content\">\n\t        \t<h5 class=\"icon-box-title\"><a href=\"https:\/\/demo.oceanthemes.site\/techwind\/home-digital-agency\/\">Consultoria e assist\u00eancia t\u00e9cnica<\/a><\/h5>\t        \t\t\t\t\t<div class=\"icon-box-des\">Suporte t\u00e9cnico especializado para diagn\u00f3stico, melhoria de processos e solu\u00e7\u00e3o de problemas.<\/div>\t\t\t\t\t\n\t\t\t\t\t\t\t<\/div>\n\t    <\/div>\n\t    \t\t\t\t<\/div>\n\t\t\t\t<\/div>\n\t\t\t\t<div class=\"elementor-element elementor-element-3c69c78c ot-view-stacked ot-position-top elementor-widget elementor-widget-iiconbox\" data-id=\"3c69c78c\" data-element_type=\"widget\" data-e-type=\"widget\" data-widget_type=\"iiconbox.default\">\n\t\t\t\t<div class=\"elementor-widget-container\">\n\t\t\t\t\t\t\t<div class=\"ot-icon-box\">\n\t\t\t<div class=\"ot-icon-box__icon\">\n\t\t    \t\t\t    \t\t    \t\t\t    \t\t\t<i aria-hidden=\"true\" class=\" uil-mobile-android\"><\/i>\t    \t\t\t    \t\t\t        <\/div>\n\t        <div class=\"ot-icon-box__content\">\n\t        \t<h5 class=\"icon-box-title\"><a href=\"https:\/\/demo.oceanthemes.site\/techwind\/home-digital-agency\/\">Engenharia de aplica\u00e7\u00e3o<\/a><\/h5>\t        \t\t\t\t\t<div class=\"icon-box-des\">An\u00e1lise t\u00e9cnica e especifica\u00e7\u00e3o das melhores solu\u00e7\u00f5es para cada aplica\u00e7\u00e3o, garantindo performance e custo-benef\u00edcio.<\/div>\t\t\t\t\t\n\t\t\t\t\t\t\t<\/div>\n\t    <\/div>\n\t    \t\t\t\t<\/div>\n\t\t\t\t<\/div>\n\t\t\t\t<div class=\"elementor-element elementor-element-6615ad4f ot-view-stacked ot-position-top elementor-widget elementor-widget-iiconbox\" data-id=\"6615ad4f\" data-element_type=\"widget\" data-e-type=\"widget\" data-widget_type=\"iiconbox.default\">\n\t\t\t\t<div class=\"elementor-widget-container\">\n\t\t\t\t\t\t\t<div class=\"ot-icon-box\">\n\t\t\t<div class=\"ot-icon-box__icon\">\n\t\t    \t\t\t    \t\t    \t\t\t    \t\t\t<i aria-hidden=\"true\" class=\" uil-crop-alt\"><\/i>\t    \t\t\t    \t\t\t        <\/div>\n\t        <div class=\"ot-icon-box__content\">\n\t        \t<h5 class=\"icon-box-title\"><a href=\"https:\/\/demo.oceanthemes.site\/techwind\/home-digital-agency\/\">Manuten\u00e7\u00e3o e reforma de equipamentos<\/a><\/h5>\t        \t\t\t\t\t<div class=\"icon-box-des\">Manuten\u00e7\u00e3o preventiva e corretiva, al\u00e9m de reforma completa de componentes hidr\u00e1ulicos, restaurando desempenho e confiabilidade.<\/div>\t\t\t\t\t\n\t\t\t\t\t\t\t<\/div>\n\t    <\/div>\n\t    \t\t\t\t<\/div>\n\t\t\t\t<\/div>\n\t\t\t\t\t<\/div>\n\t\t\t\t<\/div>\n\t\t\t\t\t<\/div>\n\t\t\t\t<\/div>\n\t\t\t\t\t<\/div>\n\t\t\t\t<\/div>\n\t\t\t\t<\/div>\n\t\t","protected":false},"excerpt":{"rendered":"<p>Nossas solu\u00e7\u00f5es Conhe\u00e7a nossa linha completa de solu\u00e7\u00f5es para sua empresa. Saiba mais Disponibilizamos um portf\u00f3lio completo de solu\u00e7\u00f5es hidr\u00e1ulicas, pneum\u00e1tica e filtros com desenvolvimento de projetos sob medida para atender \u00e0s demandas espec\u00edficas de cada cliente. Nossos Servi\u00e7os Oferecemos solu\u00e7\u00f5es completas em produtos de alta qualidade e assist\u00eancia t\u00e9cnica especializada. Projetos hidr\u00e1ulicos Desenvolvimento de [&hellip;]<\/p>\n","protected":false},"author":1,"featured_media":0,"parent":0,"menu_order":0,"comment_status":"closed","ping_status":"closed","template":"page-templates\/header-light.php","meta":{"om_disable_all_campaigns":false,"_monsterinsights_skip_tracking":false,"_monsterinsights_sitenote_active":false,"_monsterinsights_sitenote_note":"","_monsterinsights_sitenote_category":0,"footnotes":""},"class_list":["post-7200","page","type-page","status-publish","hentry"],"aioseo_notices":[],"_links":{"self":[{"href":"https:\/\/hidrausul.dm2ti.com.br\/index.php\/wp-json\/wp\/v2\/pages\/7200","targetHints":{"allow":["GET"]}}],"collection":[{"href":"https:\/\/hidrausul.dm2ti.com.br\/index.php\/wp-json\/wp\/v2\/pages"}],"about":[{"href":"https:\/\/hidrausul.dm2ti.com.br\/index.php\/wp-json\/wp\/v2\/types\/page"}],"author":[{"embeddable":true,"href":"https:\/\/hidrausul.dm2ti.com.br\/index.php\/wp-json\/wp\/v2\/users\/1"}],"replies":[{"embeddable":true,"href":"https:\/\/hidrausul.dm2ti.com.br\/index.php\/wp-json\/wp\/v2\/comments?post=7200"}],"version-history":[{"count":81,"href":"https:\/\/hidrausul.dm2ti.com.br\/index.php\/wp-json\/wp\/v2\/pages\/7200\/revisions"}],"predecessor-version":[{"id":7379,"href":"https:\/\/hidrausul.dm2ti.com.br\/index.php\/wp-json\/wp\/v2\/pages\/7200\/revisions\/7379"}],"wp:attachment":[{"href":"https:\/\/hidrausul.dm2ti.com.br\/index.php\/wp-json\/wp\/v2\/media?parent=7200"}],"curies":[{"name":"wp","href":"https:\/\/api.w.org\/{rel}","templated":true}]}}