{"id":2858,"date":"2023-07-10T08:41:53","date_gmt":"2023-07-10T08:41:53","guid":{"rendered":"https:\/\/demo.oceanthemes.site\/techwind\/?page_id=2858"},"modified":"2026-02-23T17:30:40","modified_gmt":"2026-02-23T20:30:40","slug":"contact-us","status":"publish","type":"page","link":"https:\/\/hidrausul.dm2ti.com.br\/index.php\/contact-us\/","title":{"rendered":"Contato"},"content":{"rendered":"\t\t<div data-elementor-type=\"wp-page\" data-elementor-id=\"2858\" class=\"elementor elementor-2858\">\n\t\t\t\t<div class=\"elementor-element elementor-element-c299aa4 e-flex e-con-boxed e-con e-parent\" data-id=\"c299aa4\" data-element_type=\"container\" data-e-type=\"container\" data-settings=\"{&quot;background_background&quot;:&quot;classic&quot;}\">\n\t\t\t\t\t<div class=\"e-con-inner\">\n\t\t<div class=\"elementor-element elementor-element-dbfc348 e-grid e-con-boxed e-con e-child\" data-id=\"dbfc348\" data-element_type=\"container\" data-e-type=\"container\">\n\t\t\t\t\t<div class=\"e-con-inner\">\n\t\t\t\t<div class=\"elementor-element elementor-element-06fea46 ot-view-stacked ot-position-top elementor-widget elementor-widget-iiconbox\" data-id=\"06fea46\" data-element_type=\"widget\" data-e-type=\"widget\" data-widget_type=\"iiconbox.default\">\n\t\t\t\t<div class=\"elementor-widget-container\">\n\t\t\t\t\t\t\t<div class=\"ot-icon-box\">\n\t\t\t<div class=\"ot-icon-box__icon\">\n\t\t    \t\t\t    \t\t    \t\t\t    \t\t\t<i aria-hidden=\"true\" class=\" uil-phone\"><\/i>\t    \t\t\t    \t\t\t        <\/div>\n\t        <div class=\"ot-icon-box__content\">\n\t        \t<h4 class=\"icon-box-title\"><a href=\"11) 2065-0350 (11) 5521-2554\">Telefone<\/a><\/h4>\t        \t\t\t\t\t<div class=\"icon-box-des\">Entre em contato com a Hidrausul<\/div>\t\t\t\t\t        \t<div class=\"icon-box-btn\">\n\t        \t\t<a href=\"http:\/\/11)%202065-0350%20(11)%205521-2554\">(11) 2065-0350  (11) 5521-2554<\/a>\n\t        \t<\/div>\n\t        \t\t\n\t\t\t\t\t\t\t<\/div>\n\t    <\/div>\n\t    \t\t\t\t<\/div>\n\t\t\t\t<\/div>\n\t\t\t\t<div class=\"elementor-element elementor-element-5cf7010 ot-view-stacked ot-position-top elementor-widget elementor-widget-iiconbox\" data-id=\"5cf7010\" data-element_type=\"widget\" data-e-type=\"widget\" data-widget_type=\"iiconbox.default\">\n\t\t\t\t<div class=\"elementor-widget-container\">\n\t\t\t\t\t\t\t<div class=\"ot-icon-box\">\n\t\t\t<div class=\"ot-icon-box__icon\">\n\t\t    \t\t\t    \t\t    \t\t\t    \t\t\t<i aria-hidden=\"true\" class=\" uil-envelope\"><\/i>\t    \t\t\t    \t\t\t        <\/div>\n\t        <div class=\"ot-icon-box__content\">\n\t        \t<h4 class=\"icon-box-title\"><a href=\"mailto:hidrausul@hidrausul.com.br\">E-mail<\/a><\/h4>\t        \t\t\t\t\t<div class=\"icon-box-des\">Precisa de um or\u00e7amento? Preencha o formul\u00e1rio e entraremos em contato.<\/div>\t\t\t\t\t        \t<div class=\"icon-box-btn\">\n\t        \t\t<a href=\"mailto:hidrausul@hidrausul.com.br\">hidrausul@hidrausul.com.br<\/a>\n\t        \t<\/div>\n\t        \t\t\n\t\t\t\t\t\t\t<\/div>\n\t    <\/div>\n\t    \t\t\t\t<\/div>\n\t\t\t\t<\/div>\n\t\t\t\t<div class=\"elementor-element elementor-element-3fb70ac ot-view-stacked ot-position-top elementor-widget elementor-widget-iiconbox\" data-id=\"3fb70ac\" data-element_type=\"widget\" data-e-type=\"widget\" data-widget_type=\"iiconbox.default\">\n\t\t\t\t<div class=\"elementor-widget-container\">\n\t\t\t\t\t\t\t<div class=\"ot-icon-box\">\n\t\t\t<div class=\"ot-icon-box__icon\">\n\t\t    \t\t\t    \t\t    \t\t\t    \t\t\t<i aria-hidden=\"true\" class=\" uil-map-marker\"><\/i>\t    \t\t\t    \t\t\t        <\/div>\n\t        <div class=\"ot-icon-box__content\">\n\t        \t<h4 class=\"icon-box-title\"><a href=\"#\">Nosso endere\u00e7o<\/a><\/h4>\t        \t\t\t\t\t<div class=\"icon-box-des\">Rua Manaus 191A \u2013 Mooca \u2013 CEP: 01210-020 \u2013 S\u00e3o Paulo \u2013 SP<\/div>\t\t\t\t\t        \t<div class=\"icon-box-btn\">\n\t        \t\t<a href=\"#\">View on Google map<\/a>\n\t        \t<\/div>\n\t        \t\t\n\t\t\t\t\t\t\t<\/div>\n\t    <\/div>\n\t    \t\t\t\t<\/div>\n\t\t\t\t<\/div>\n\t\t\t\t\t<\/div>\n\t\t\t\t<\/div>\n\t\t<div class=\"elementor-element elementor-element-643c627 e-flex e-con-boxed e-con e-child\" data-id=\"643c627\" data-element_type=\"container\" data-e-type=\"container\">\n\t\t\t\t\t<div class=\"e-con-inner\">\n\t\t<div class=\"elementor-element elementor-element-1f68db6 e-con-full e-flex e-con e-child\" data-id=\"1f68db6\" data-element_type=\"container\" data-e-type=\"container\">\n\t\t\t\t<div class=\"elementor-element elementor-element-7538719 elementor-widget elementor-widget-image\" data-id=\"7538719\" data-element_type=\"widget\" data-e-type=\"widget\" data-widget_type=\"image.default\">\n\t\t\t\t\t\t\t\t\t\t\t\t\t\t\t<img fetchpriority=\"high\" decoding=\"async\" width=\"500\" height=\"500\" src=\"https:\/\/hidrausul.dm2ti.com.br\/wp-content\/uploads\/2023\/07\/contact.svg\" class=\"attachment-full size-full wp-image-2867\" alt=\"\" \/>\t\t\t\t\t\t\t\t\t\t\t\t\t\t\t<\/div>\n\t\t\t\t<\/div>\n\t\t<div class=\"elementor-element elementor-element-15b673e e-flex e-con-boxed e-con e-child\" data-id=\"15b673e\" data-element_type=\"container\" data-e-type=\"container\">\n\t\t\t\t\t<div class=\"e-con-inner\">\n\t\t\t\t<div class=\"elementor-element elementor-element-5cd8f84 elementor-widget elementor-widget-techwind-ctf7\" data-id=\"5cd8f84\" data-element_type=\"widget\" data-e-type=\"widget\" data-widget_type=\"techwind-ctf7.default\">\n\t\t\t\t<div class=\"elementor-widget-container\">\n\t\t\t\t\t<div class=\"elementor-shortcode techwind-cf7-0\">\n<div class=\"wpcf7 no-js\" id=\"wpcf7-f2785-o1\" lang=\"en-US\" dir=\"ltr\" data-wpcf7-id=\"2785\">\n<div class=\"screen-reader-response\"><p role=\"status\" aria-live=\"polite\" aria-atomic=\"true\"><\/p> <ul><\/ul><\/div>\n<form action=\"\/index.php\/wp-json\/wp\/v2\/pages\/2858#wpcf7-f2785-o1\" method=\"post\" class=\"wpcf7-form init\" aria-label=\"Contact form\" novalidate=\"novalidate\" data-status=\"init\">\n<fieldset class=\"hidden-fields-container\"><input type=\"hidden\" name=\"_wpcf7\" value=\"2785\" \/><input type=\"hidden\" name=\"_wpcf7_version\" value=\"6.1.5\" \/><input type=\"hidden\" name=\"_wpcf7_locale\" value=\"en_US\" \/><input type=\"hidden\" name=\"_wpcf7_unit_tag\" value=\"wpcf7-f2785-o1\" \/><input type=\"hidden\" name=\"_wpcf7_container_post\" value=\"0\" \/><input type=\"hidden\" name=\"_wpcf7_posted_data_hash\" value=\"\" \/>\n<\/fieldset>\n<div class=\"main-form\">\n\t<div class=\"row\">\n\t\t<p class=\"col-md-6\"><br \/>\n<span class=\"field-label\">Seu nome:<\/span><span class=\"wpcf7-form-control-wrap\" data-name=\"Nome\"><input size=\"40\" maxlength=\"400\" class=\"wpcf7-form-control wpcf7-text wpcf7-validates-as-required\" aria-required=\"true\" aria-invalid=\"false\" placeholder=\"\" value=\"\" type=\"text\" name=\"Nome\" \/><\/span>\n\t\t<\/p>\n\t\t<p class=\"col-md-6\"><br \/>\n<span class=\"field-label\">E-mail:<\/span><span class=\"wpcf7-form-control-wrap\" data-name=\"email\"><input size=\"40\" maxlength=\"400\" class=\"wpcf7-form-control wpcf7-email wpcf7-validates-as-required wpcf7-text wpcf7-validates-as-email\" aria-required=\"true\" aria-invalid=\"false\" placeholder=\"\" value=\"\" type=\"email\" name=\"email\" \/><\/span>\n\t\t<\/p>\n\t\t<p class=\"col-md-12\"><br \/>\n<span class=\"field-label\">Assunto:<\/span><span class=\"wpcf7-form-control-wrap\" data-name=\"assunto\"><input size=\"40\" maxlength=\"400\" class=\"wpcf7-form-control wpcf7-text wpcf7-validates-as-required\" aria-required=\"true\" aria-invalid=\"false\" placeholder=\"\" value=\"\" type=\"text\" name=\"assunto\" \/><\/span>\n\t\t<\/p>\n\t\t<p class=\"col-md-12\"><br \/>\n<span class=\"field-label\">Mensagem:<\/span><span class=\"wpcf7-form-control-wrap\" data-name=\"mensagem\"><textarea cols=\"40\" rows=\"10\" maxlength=\"2000\" class=\"wpcf7-form-control wpcf7-textarea\" aria-invalid=\"false\" placeholder=\"\" name=\"mensagem\"><\/textarea><\/span>\n\t\t<\/p>\n\t\t<div class=\"col-md-12 text-left\">\n\t\t\t<p><button type=\"submit\" class=\"octf-btn octf-btn-primary\">Enviar<\/button>\n\t\t\t<\/p>\n\t\t<\/div>\n\t<\/div>\n<\/div><div class=\"wpcf7-response-output\" aria-hidden=\"true\"><\/div>\n<\/form>\n<\/div>\n<\/div>\t\t\t\t<\/div>\n\t\t\t\t<\/div>\n\t\t\t\t\t<\/div>\n\t\t\t\t<\/div>\n\t\t\t\t\t<\/div>\n\t\t\t\t<\/div>\n\t\t\t\t\t<\/div>\n\t\t\t\t<\/div>\n\t\t<div class=\"elementor-element elementor-element-877e490 e-con-full e-flex e-con e-parent\" data-id=\"877e490\" data-element_type=\"container\" data-e-type=\"container\">\n\t\t\t\t<div class=\"elementor-element elementor-element-41c8a99 elementor-widget elementor-widget-google_maps\" data-id=\"41c8a99\" data-element_type=\"widget\" data-e-type=\"widget\" data-widget_type=\"google_maps.default\">\n\t\t\t\t\t\t\t<div class=\"elementor-custom-embed\">\n\t\t\t<iframe loading=\"lazy\"\n\t\t\t\t\tsrc=\"https:\/\/maps.google.com\/maps?q=Rua%20Manaus%20191A%20%E2%80%93%20Mooca%20%E2%80%93%20CEP%3A%2001210-020%20%E2%80%93%20S%C3%A3o%20Paulo%20%E2%80%93%20SP&#038;t=m&#038;z=13&#038;output=embed&#038;iwloc=near\"\n\t\t\t\t\ttitle=\"Rua Manaus 191A \u2013 Mooca \u2013 CEP: 01210-020 \u2013 S\u00e3o Paulo \u2013 SP\"\n\t\t\t\t\taria-label=\"Rua Manaus 191A \u2013 Mooca \u2013 CEP: 01210-020 \u2013 S\u00e3o Paulo \u2013 SP\"\n\t\t\t><\/iframe>\n\t\t<\/div>\n\t\t\t\t\t\t<\/div>\n\t\t\t\t<\/div>\n\t\t\t\t<\/div>\n\t\t","protected":false},"excerpt":{"rendered":"<p>Telefone Entre em contato com a Hidrausul (11) 2065-0350 (11) 5521-2554 E-mail Precisa de um or\u00e7amento? Preencha o formul\u00e1rio e entraremos em contato. hidrausul@hidrausul.com.br Nosso endere\u00e7o Rua Manaus 191A \u2013 Mooca \u2013 CEP: 01210-020 \u2013 S\u00e3o Paulo \u2013 SP View on Google map Seu nome: E-mail: Assunto: Mensagem: Enviar<\/p>\n","protected":false},"author":1,"featured_media":0,"parent":0,"menu_order":0,"comment_status":"closed","ping_status":"closed","template":"","meta":{"om_disable_all_campaigns":false,"_monsterinsights_skip_tracking":false,"_monsterinsights_sitenote_active":false,"_monsterinsights_sitenote_note":"","_monsterinsights_sitenote_category":0,"footnotes":""},"class_list":["post-2858","page","type-page","status-publish","hentry"],"aioseo_notices":[],"_links":{"self":[{"href":"https:\/\/hidrausul.dm2ti.com.br\/index.php\/wp-json\/wp\/v2\/pages\/2858","targetHints":{"allow":["GET"]}}],"collection":[{"href":"https:\/\/hidrausul.dm2ti.com.br\/index.php\/wp-json\/wp\/v2\/pages"}],"about":[{"href":"https:\/\/hidrausul.dm2ti.com.br\/index.php\/wp-json\/wp\/v2\/types\/page"}],"author":[{"embeddable":true,"href":"https:\/\/hidrausul.dm2ti.com.br\/index.php\/wp-json\/wp\/v2\/users\/1"}],"replies":[{"embeddable":true,"href":"https:\/\/hidrausul.dm2ti.com.br\/index.php\/wp-json\/wp\/v2\/comments?post=2858"}],"version-history":[{"count":11,"href":"https:\/\/hidrausul.dm2ti.com.br\/index.php\/wp-json\/wp\/v2\/pages\/2858\/revisions"}],"predecessor-version":[{"id":7392,"href":"https:\/\/hidrausul.dm2ti.com.br\/index.php\/wp-json\/wp\/v2\/pages\/2858\/revisions\/7392"}],"wp:attachment":[{"href":"https:\/\/hidrausul.dm2ti.com.br\/index.php\/wp-json\/wp\/v2\/media?parent=2858"}],"curies":[{"name":"wp","href":"https:\/\/api.w.org\/{rel}","templated":true}]}}