{"id":2161,"date":"2023-07-04T03:30:37","date_gmt":"2023-07-04T03:30:37","guid":{"rendered":"https:\/\/demo.oceanthemes.site\/techwind\/?page_id=2161"},"modified":"2026-02-23T14:48:44","modified_gmt":"2026-02-23T17:48:44","slug":"sobre-nos","status":"publish","type":"page","link":"https:\/\/hidrausul.dm2ti.com.br\/index.php\/sobre-nos\/","title":{"rendered":"Sobre n\u00f3s"},"content":{"rendered":"\t\t<div data-elementor-type=\"wp-page\" data-elementor-id=\"2161\" class=\"elementor elementor-2161\">\n\t\t\t\t<div class=\"elementor-element elementor-element-e84135c e-flex e-con-boxed e-con e-parent\" data-id=\"e84135c\" data-element_type=\"container\" data-e-type=\"container\">\n\t\t\t\t\t<div class=\"e-con-inner\">\n\t\t<div class=\"elementor-element elementor-element-030b156 e-flex e-con-boxed e-con e-child\" data-id=\"030b156\" data-element_type=\"container\" data-e-type=\"container\">\n\t\t\t\t\t<div class=\"e-con-inner\">\n\t\t<div class=\"elementor-element elementor-element-2d0d111 e-con-full e-flex e-con e-child\" data-id=\"2d0d111\" data-element_type=\"container\" data-e-type=\"container\">\n\t\t<div class=\"elementor-element elementor-element-ceecdbe e-flex e-con-boxed e-con e-child\" data-id=\"ceecdbe\" data-element_type=\"container\" data-e-type=\"container\">\n\t\t\t\t\t<div class=\"e-con-inner\">\n\t\t\t\t<div class=\"elementor-element elementor-element-8648a2f elementor-widget elementor-widget-image\" data-id=\"8648a2f\" data-element_type=\"widget\" data-e-type=\"widget\" data-widget_type=\"image.default\">\n\t\t\t\t\t\t\t\t\t\t\t\t\t\t\t<img fetchpriority=\"high\" decoding=\"async\" width=\"730\" height=\"456\" src=\"https:\/\/hidrausul.dm2ti.com.br\/wp-content\/uploads\/2026\/02\/filtros.png\" class=\"attachment-full size-full wp-image-7243\" alt=\"\" srcset=\"https:\/\/hidrausul.dm2ti.com.br\/wp-content\/uploads\/2026\/02\/filtros.png 730w, https:\/\/hidrausul.dm2ti.com.br\/wp-content\/uploads\/2026\/02\/filtros-600x375.png 600w, https:\/\/hidrausul.dm2ti.com.br\/wp-content\/uploads\/2026\/02\/filtros-300x187.png 300w\" sizes=\"(max-width: 730px) 100vw, 730px\" \/>\t\t\t\t\t\t\t\t\t\t\t\t\t\t\t<\/div>\n\t\t\t\t<div class=\"elementor-element elementor-element-3508c54 elementor-widget elementor-widget-image\" data-id=\"3508c54\" data-element_type=\"widget\" data-e-type=\"widget\" data-widget_type=\"image.default\">\n\t\t\t\t\t\t\t\t\t\t\t\t\t\t\t<img decoding=\"async\" width=\"1024\" height=\"683\" src=\"https:\/\/hidrausul.dm2ti.com.br\/wp-content\/uploads\/2026\/02\/cilindros.jpg\" class=\"attachment-full size-full wp-image-7247\" alt=\"\" srcset=\"https:\/\/hidrausul.dm2ti.com.br\/wp-content\/uploads\/2026\/02\/cilindros.jpg 1024w, https:\/\/hidrausul.dm2ti.com.br\/wp-content\/uploads\/2026\/02\/cilindros-600x400.jpg 600w, https:\/\/hidrausul.dm2ti.com.br\/wp-content\/uploads\/2026\/02\/cilindros-300x200.jpg 300w, https:\/\/hidrausul.dm2ti.com.br\/wp-content\/uploads\/2026\/02\/cilindros-768x512.jpg 768w\" sizes=\"(max-width: 1024px) 100vw, 1024px\" \/>\t\t\t\t\t\t\t\t\t\t\t\t\t\t\t<\/div>\n\t\t\t\t\t<\/div>\n\t\t\t\t<\/div>\n\t\t<div class=\"elementor-element elementor-element-05e90fe e-flex e-con-boxed e-con e-child\" data-id=\"05e90fe\" data-element_type=\"container\" data-e-type=\"container\">\n\t\t\t\t\t<div class=\"e-con-inner\">\n\t\t\t\t<div class=\"elementor-element elementor-element-e7c6fbf elementor-widget elementor-widget-image\" data-id=\"e7c6fbf\" data-element_type=\"widget\" data-e-type=\"widget\" data-widget_type=\"image.default\">\n\t\t\t\t\t\t\t\t\t\t\t\t\t\t\t<img decoding=\"async\" width=\"1024\" height=\"683\" src=\"https:\/\/hidrausul.dm2ti.com.br\/wp-content\/uploads\/2026\/02\/cilindros_hidra.jpg\" class=\"attachment-full size-full wp-image-7249\" alt=\"\" srcset=\"https:\/\/hidrausul.dm2ti.com.br\/wp-content\/uploads\/2026\/02\/cilindros_hidra.jpg 1024w, https:\/\/hidrausul.dm2ti.com.br\/wp-content\/uploads\/2026\/02\/cilindros_hidra-600x400.jpg 600w, https:\/\/hidrausul.dm2ti.com.br\/wp-content\/uploads\/2026\/02\/cilindros_hidra-300x200.jpg 300w, https:\/\/hidrausul.dm2ti.com.br\/wp-content\/uploads\/2026\/02\/cilindros_hidra-768x512.jpg 768w\" sizes=\"(max-width: 1024px) 100vw, 1024px\" \/>\t\t\t\t\t\t\t\t\t\t\t\t\t\t\t<\/div>\n\t\t\t\t\t<\/div>\n\t\t\t\t<\/div>\n\t\t\t\t<\/div>\n\t\t<div class=\"elementor-element elementor-element-f9ecb87 e-con-full e-flex e-con e-child\" data-id=\"f9ecb87\" data-element_type=\"container\" data-e-type=\"container\">\n\t\t<div class=\"elementor-element elementor-element-62a7041 e-flex e-con-boxed e-con e-child\" data-id=\"62a7041\" data-element_type=\"container\" data-e-type=\"container\">\n\t\t\t\t\t<div class=\"e-con-inner\">\n\t\t\t\t<div class=\"elementor-element elementor-element-0d09542 elementor-widget elementor-widget-heading\" data-id=\"0d09542\" data-element_type=\"widget\" data-e-type=\"widget\" data-widget_type=\"heading.default\">\n\t\t\t\t\t<span class=\"elementor-heading-title elementor-size-default\"><span style=\"font-size:60px\">35<\/span>+<\/span>\t\t\t\t<\/div>\n\t\t\t\t<div class=\"elementor-element elementor-element-7c27dab elementor-widget elementor-widget-text-editor\" data-id=\"7c27dab\" data-element_type=\"widget\" data-e-type=\"widget\" data-widget_type=\"text-editor.default\">\n\t\t\t\t\t\t\t\t\t<p>Anos<br \/>de mercado<\/p>\t\t\t\t\t\t\t\t<\/div>\n\t\t\t\t\t<\/div>\n\t\t\t\t<\/div>\n\t\t\t\t<div class=\"elementor-element elementor-element-64629b5 elementor-widget elementor-widget-heading\" data-id=\"64629b5\" data-element_type=\"widget\" data-e-type=\"widget\" data-widget_type=\"heading.default\">\n\t\t\t\t\t<h3 class=\"elementor-heading-title elementor-size-default\">Quem somos ?<\/h3>\t\t\t\t<\/div>\n\t\t\t\t<div class=\"elementor-element elementor-element-9971167 elementor-widget elementor-widget-text-editor\" data-id=\"9971167\" data-element_type=\"widget\" data-e-type=\"widget\" data-widget_type=\"text-editor.default\">\n\t\t\t\t\t\t\t\t\t<p>A HIDRAUSUL atua desde 1991 no mercado de Automa\u00e7\u00e3o Industrial.<\/p><p>Na condi\u00e7\u00e3o de Distribuidor Autorizado Parker Hannifin, a HIDRAUSUL disp\u00f5e de completa linha de produtos em Hidr\u00e1ulica, Pneum\u00e1tica e Filtros Industriais de alta qualidade.<\/p><p>Atrav\u00e9s de uma equipe pronta a atender \u00e0s necessidades que se apresentem, a HIDRAUSUL tem se dedicado a oferecer solu\u00e7\u00f5es t\u00e9cnicas a seus clientes e parceiros, tanto no desenvolvimento de projetos, como no trabalho de montagem, manuten\u00e7\u00e3o, instala\u00e7\u00e3o e restaura\u00e7\u00e3o de equipamentos.<\/p>\t\t\t\t\t\t\t\t<\/div>\n\t\t\t\t<div class=\"elementor-element elementor-element-d019ea4 elementor-align-left elementor-widget elementor-widget-ot-btn\" data-id=\"d019ea4\" data-element_type=\"widget\" data-e-type=\"widget\" data-widget_type=\"ot-btn.default\">\n\t\t\t\t<div class=\"elementor-widget-container\">\n\t\t\t\t\t\t\t<div class=\"ot-button-wrapper octf-btn-icon-left\">\n\t\t\t<a href=\"https:\/\/demo.oceanthemes.site\/techwind\/contact\" class=\"octf-btn\">\n\t\t\t\tFale conosco\t\t\t\t\t\t\t\t\t<i aria-hidden=\"true\" class=\" uil-envelope-alt\"><\/i>\t\t\t\t\t\t\t<\/a>\n\t    <\/div>\n\t    \t\t\t\t<\/div>\n\t\t\t\t<\/div>\n\t\t\t\t<\/div>\n\t\t\t\t\t<\/div>\n\t\t\t\t<\/div>\n\t\t\t\t\t<\/div>\n\t\t\t\t<\/div>\n\t\t<div class=\"elementor-element elementor-element-b9a0170 e-flex e-con-boxed e-con e-parent\" data-id=\"b9a0170\" data-element_type=\"container\" data-e-type=\"container\" data-settings=\"{&quot;background_background&quot;:&quot;classic&quot;}\">\n\t\t\t\t\t<div class=\"e-con-inner\">\n\t\t\t\t<div class=\"elementor-element elementor-element-4b4d5c8 elementor-widget elementor-widget-heading\" data-id=\"4b4d5c8\" data-element_type=\"widget\" data-e-type=\"widget\" data-widget_type=\"heading.default\">\n\t\t\t\t\t<h3 class=\"elementor-heading-title elementor-size-default\">Key Features<\/h3>\t\t\t\t<\/div>\n\t\t\t\t<div class=\"elementor-element elementor-element-fa79d41 elementor-widget elementor-widget-text-editor\" data-id=\"fa79d41\" data-element_type=\"widget\" data-e-type=\"widget\" data-widget_type=\"text-editor.default\">\n\t\t\t\t\t\t\t\t\t<p>Start working with Tailwind CSS that can provide everything you need to generate awareness, drive traffic, connect.<\/p>\t\t\t\t\t\t\t\t<\/div>\n\t\t<div class=\"elementor-element elementor-element-2114712 e-grid e-con-boxed e-con e-child\" data-id=\"2114712\" data-element_type=\"container\" data-e-type=\"container\">\n\t\t\t\t\t<div class=\"e-con-inner\">\n\t\t\t\t<div class=\"elementor-element elementor-element-81fe62b ot-view-stacked ot-position-left ot-vertical-align-middle e-transform elementor-widget elementor-widget-iiconbox\" data-id=\"81fe62b\" data-element_type=\"widget\" data-e-type=\"widget\" data-settings=\"{&quot;_transform_scale_effect_hover&quot;:{&quot;unit&quot;:&quot;px&quot;,&quot;size&quot;:1.05,&quot;sizes&quot;:[]},&quot;_transform_scale_effect_hover_tablet&quot;:{&quot;unit&quot;:&quot;px&quot;,&quot;size&quot;:&quot;&quot;,&quot;sizes&quot;:[]},&quot;_transform_scale_effect_hover_mobile&quot;:{&quot;unit&quot;:&quot;px&quot;,&quot;size&quot;:&quot;&quot;,&quot;sizes&quot;:[]}}\" data-widget_type=\"iiconbox.default\">\n\t\t\t\t<div class=\"elementor-widget-container\">\n\t\t\t\t\t\t\t<div class=\"ot-icon-box\">\n\t\t\t<div class=\"ot-icon-box__icon\">\n\t\t    \t\t\t    \t\t    \t\t\t    \t\t\t<svg xmlns=\"http:\/\/www.w3.org\/2000\/svg\" width=\"24\" height=\"24\" viewBox=\"0 0 24 24\" fill=\"none\" stroke=\"currentColor\" stroke-width=\"2\" stroke-linecap=\"round\" stroke-linejoin=\"round\" class=\"feather feather-monitor\"><rect x=\"2\" y=\"3\" width=\"20\" height=\"14\" rx=\"2\" ry=\"2\"><\/rect><line x1=\"8\" y1=\"21\" x2=\"16\" y2=\"21\"><\/line><line x1=\"12\" y1=\"17\" x2=\"12\" y2=\"21\"><\/line><\/svg>\t    \t\t\t    \t\t\t        <\/div>\n\t        <div class=\"ot-icon-box__content\">\n\t        \t<h4 class=\"icon-box-title\">Fully Responsive<\/h4>\t        \t\t\t\t\t\t\t\t\t\t\n\t\t\t\t\t\t\t<\/div>\n\t    <\/div>\n\t    \t\t\t\t<\/div>\n\t\t\t\t<\/div>\n\t\t\t\t<div class=\"elementor-element elementor-element-f8b374b ot-view-stacked ot-position-left ot-vertical-align-middle e-transform elementor-widget elementor-widget-iiconbox\" data-id=\"f8b374b\" data-element_type=\"widget\" data-e-type=\"widget\" data-settings=\"{&quot;_transform_scale_effect_hover&quot;:{&quot;unit&quot;:&quot;px&quot;,&quot;size&quot;:1.05,&quot;sizes&quot;:[]},&quot;_transform_scale_effect_hover_tablet&quot;:{&quot;unit&quot;:&quot;px&quot;,&quot;size&quot;:&quot;&quot;,&quot;sizes&quot;:[]},&quot;_transform_scale_effect_hover_mobile&quot;:{&quot;unit&quot;:&quot;px&quot;,&quot;size&quot;:&quot;&quot;,&quot;sizes&quot;:[]}}\" data-widget_type=\"iiconbox.default\">\n\t\t\t\t<div class=\"elementor-widget-container\">\n\t\t\t\t\t\t\t<div class=\"ot-icon-box\">\n\t\t\t<div class=\"ot-icon-box__icon\">\n\t\t    \t\t\t    \t\t    \t\t\t    \t\t\t<svg xmlns=\"http:\/\/www.w3.org\/2000\/svg\" viewBox=\"0 0 24 24\" fill=\"none\" stroke=\"currentColor\" stroke-width=\"2\" stroke-linecap=\"round\" stroke-linejoin=\"round\" class=\"feather feather-heart\"><path d=\"M20.84 4.61a5.5 5.5 0 0 0-7.78 0L12 5.67l-1.06-1.06a5.5 5.5 0 0 0-7.78 7.78l1.06 1.06L12 21.23l7.78-7.78 1.06-1.06a5.5 5.5 0 0 0 0-7.78z\"><\/path><\/svg>\t    \t\t\t    \t\t\t        <\/div>\n\t        <div class=\"ot-icon-box__content\">\n\t        \t<h4 class=\"icon-box-title\">Browser Compatibility<\/h4>\t        \t\t\t\t\t\t\t\t\t\t\n\t\t\t\t\t\t\t<\/div>\n\t    <\/div>\n\t    \t\t\t\t<\/div>\n\t\t\t\t<\/div>\n\t\t\t\t<div class=\"elementor-element elementor-element-7c773e0 ot-view-stacked ot-position-left ot-vertical-align-middle e-transform elementor-widget elementor-widget-iiconbox\" data-id=\"7c773e0\" data-element_type=\"widget\" data-e-type=\"widget\" data-settings=\"{&quot;_transform_scale_effect_hover&quot;:{&quot;unit&quot;:&quot;px&quot;,&quot;size&quot;:1.05,&quot;sizes&quot;:[]},&quot;_transform_scale_effect_hover_tablet&quot;:{&quot;unit&quot;:&quot;px&quot;,&quot;size&quot;:&quot;&quot;,&quot;sizes&quot;:[]},&quot;_transform_scale_effect_hover_mobile&quot;:{&quot;unit&quot;:&quot;px&quot;,&quot;size&quot;:&quot;&quot;,&quot;sizes&quot;:[]}}\" data-widget_type=\"iiconbox.default\">\n\t\t\t\t<div class=\"elementor-widget-container\">\n\t\t\t\t\t\t\t<div class=\"ot-icon-box\">\n\t\t\t<div class=\"ot-icon-box__icon\">\n\t\t    \t\t\t    \t\t    \t\t\t    \t\t\t<svg xmlns=\"http:\/\/www.w3.org\/2000\/svg\" viewBox=\"0 0 24 24\" fill=\"none\" stroke=\"currentColor\" stroke-width=\"2\" stroke-linecap=\"round\" stroke-linejoin=\"round\" class=\"feather feather-eye\"><path d=\"M1 12s4-8 11-8 11 8 11 8-4 8-11 8-11-8-11-8z\"><\/path><circle cx=\"12\" cy=\"12\" r=\"3\"><\/circle><\/svg>\t    \t\t\t    \t\t\t        <\/div>\n\t        <div class=\"ot-icon-box__content\">\n\t        \t<h4 class=\"icon-box-title\">Retina Ready<\/h4>\t        \t\t\t\t\t\t\t\t\t\t\n\t\t\t\t\t\t\t<\/div>\n\t    <\/div>\n\t    \t\t\t\t<\/div>\n\t\t\t\t<\/div>\n\t\t\t\t<div class=\"elementor-element elementor-element-0f98bd1 ot-view-stacked ot-position-left ot-vertical-align-middle e-transform elementor-widget elementor-widget-iiconbox\" data-id=\"0f98bd1\" data-element_type=\"widget\" data-e-type=\"widget\" data-settings=\"{&quot;_transform_scale_effect_hover&quot;:{&quot;unit&quot;:&quot;px&quot;,&quot;size&quot;:1.05,&quot;sizes&quot;:[]},&quot;_transform_scale_effect_hover_tablet&quot;:{&quot;unit&quot;:&quot;px&quot;,&quot;size&quot;:&quot;&quot;,&quot;sizes&quot;:[]},&quot;_transform_scale_effect_hover_mobile&quot;:{&quot;unit&quot;:&quot;px&quot;,&quot;size&quot;:&quot;&quot;,&quot;sizes&quot;:[]}}\" data-widget_type=\"iiconbox.default\">\n\t\t\t\t<div class=\"elementor-widget-container\">\n\t\t\t\t\t\t\t<div class=\"ot-icon-box\">\n\t\t\t<div class=\"ot-icon-box__icon\">\n\t\t    \t\t\t    \t\t    \t\t\t    \t\t\t<svg xmlns=\"http:\/\/www.w3.org\/2000\/svg\" viewBox=\"0 0 24 24\" fill=\"none\" stroke=\"currentColor\" stroke-width=\"2\" stroke-linecap=\"round\" stroke-linejoin=\"round\" class=\"feather feather-layout\"><rect x=\"3\" y=\"3\" width=\"18\" height=\"18\" rx=\"2\" ry=\"2\"><\/rect><line x1=\"3\" y1=\"9\" x2=\"21\" y2=\"9\"><\/line><line x1=\"9\" y1=\"21\" x2=\"9\" y2=\"9\"><\/line><\/svg>\t    \t\t\t    \t\t\t        <\/div>\n\t        <div class=\"ot-icon-box__content\">\n\t        \t<h4 class=\"icon-box-title\">Based On Tailwindcss 3<\/h4>\t        \t\t\t\t\t\t\t\t\t\t\n\t\t\t\t\t\t\t<\/div>\n\t    <\/div>\n\t    \t\t\t\t<\/div>\n\t\t\t\t<\/div>\n\t\t\t\t<div class=\"elementor-element elementor-element-6b23363 ot-view-stacked ot-position-left ot-vertical-align-middle e-transform elementor-widget elementor-widget-iiconbox\" data-id=\"6b23363\" data-element_type=\"widget\" data-e-type=\"widget\" data-settings=\"{&quot;_transform_scale_effect_hover&quot;:{&quot;unit&quot;:&quot;px&quot;,&quot;size&quot;:1.05,&quot;sizes&quot;:[]},&quot;_transform_scale_effect_hover_tablet&quot;:{&quot;unit&quot;:&quot;px&quot;,&quot;size&quot;:&quot;&quot;,&quot;sizes&quot;:[]},&quot;_transform_scale_effect_hover_mobile&quot;:{&quot;unit&quot;:&quot;px&quot;,&quot;size&quot;:&quot;&quot;,&quot;sizes&quot;:[]}}\" data-widget_type=\"iiconbox.default\">\n\t\t\t\t<div class=\"elementor-widget-container\">\n\t\t\t\t\t\t\t<div class=\"ot-icon-box\">\n\t\t\t<div class=\"ot-icon-box__icon\">\n\t\t    \t\t\t    \t\t    \t\t\t    \t\t\t<svg xmlns=\"http:\/\/www.w3.org\/2000\/svg\" width=\"24\" height=\"24\" viewBox=\"0 0 24 24\" fill=\"none\" stroke=\"currentColor\" stroke-width=\"2\" stroke-linecap=\"round\" stroke-linejoin=\"round\" class=\"feather feather-feather\"><path d=\"M20.24 12.24a6 6 0 0 0-8.49-8.49L5 10.5V19h8.5z\"><\/path><line x1=\"16\" y1=\"8\" x2=\"2\" y2=\"22\"><\/line><line x1=\"17.5\" y1=\"15\" x2=\"9\" y2=\"15\"><\/line><\/svg>\t    \t\t\t    \t\t\t        <\/div>\n\t        <div class=\"ot-icon-box__content\">\n\t        \t<h4 class=\"icon-box-title\">Feather Icons<\/h4>\t        \t\t\t\t\t\t\t\t\t\t\n\t\t\t\t\t\t\t<\/div>\n\t    <\/div>\n\t    \t\t\t\t<\/div>\n\t\t\t\t<\/div>\n\t\t\t\t<div class=\"elementor-element elementor-element-353d3ea ot-view-stacked ot-position-left ot-vertical-align-middle e-transform elementor-widget elementor-widget-iiconbox\" data-id=\"353d3ea\" data-element_type=\"widget\" data-e-type=\"widget\" data-settings=\"{&quot;_transform_scale_effect_hover&quot;:{&quot;unit&quot;:&quot;px&quot;,&quot;size&quot;:1.05,&quot;sizes&quot;:[]},&quot;_transform_scale_effect_hover_tablet&quot;:{&quot;unit&quot;:&quot;px&quot;,&quot;size&quot;:&quot;&quot;,&quot;sizes&quot;:[]},&quot;_transform_scale_effect_hover_mobile&quot;:{&quot;unit&quot;:&quot;px&quot;,&quot;size&quot;:&quot;&quot;,&quot;sizes&quot;:[]}}\" data-widget_type=\"iiconbox.default\">\n\t\t\t\t<div class=\"elementor-widget-container\">\n\t\t\t\t\t\t\t<div class=\"ot-icon-box\">\n\t\t\t<div class=\"ot-icon-box__icon\">\n\t\t    \t\t\t    \t\t    \t\t\t    \t\t\t<svg xmlns=\"http:\/\/www.w3.org\/2000\/svg\" viewBox=\"0 0 24 24\" fill=\"none\" stroke=\"currentColor\" stroke-width=\"2\" stroke-linecap=\"round\" stroke-linejoin=\"round\" class=\"feather feather-code\"><polyline points=\"16 18 22 12 16 6\"><\/polyline><polyline points=\"8 6 2 12 8 18\"><\/polyline><\/svg>\t    \t\t\t    \t\t\t        <\/div>\n\t        <div class=\"ot-icon-box__content\">\n\t        \t<h4 class=\"icon-box-title\">Built With SASS<\/h4>\t        \t\t\t\t\t\t\t\t\t\t\n\t\t\t\t\t\t\t<\/div>\n\t    <\/div>\n\t    \t\t\t\t<\/div>\n\t\t\t\t<\/div>\n\t\t\t\t<div class=\"elementor-element elementor-element-e873af6 ot-view-stacked ot-position-left ot-vertical-align-middle e-transform elementor-widget elementor-widget-iiconbox\" data-id=\"e873af6\" data-element_type=\"widget\" data-e-type=\"widget\" data-settings=\"{&quot;_transform_scale_effect_hover&quot;:{&quot;unit&quot;:&quot;px&quot;,&quot;size&quot;:1.05,&quot;sizes&quot;:[]},&quot;_transform_scale_effect_hover_tablet&quot;:{&quot;unit&quot;:&quot;px&quot;,&quot;size&quot;:&quot;&quot;,&quot;sizes&quot;:[]},&quot;_transform_scale_effect_hover_mobile&quot;:{&quot;unit&quot;:&quot;px&quot;,&quot;size&quot;:&quot;&quot;,&quot;sizes&quot;:[]}}\" data-widget_type=\"iiconbox.default\">\n\t\t\t\t<div class=\"elementor-widget-container\">\n\t\t\t\t\t\t\t<div class=\"ot-icon-box\">\n\t\t\t<div class=\"ot-icon-box__icon\">\n\t\t    \t\t\t    \t\t    \t\t\t    \t\t\t<svg xmlns=\"http:\/\/www.w3.org\/2000\/svg\" viewBox=\"0 0 24 24\" fill=\"none\" stroke=\"currentColor\" stroke-width=\"2\" stroke-linecap=\"round\" stroke-linejoin=\"round\" class=\"feather feather-user-check\"><path d=\"M16 21v-2a4 4 0 0 0-4-4H5a4 4 0 0 0-4 4v2\"><\/path><circle cx=\"8.5\" cy=\"7\" r=\"4\"><\/circle><polyline points=\"17 11 19 13 23 9\"><\/polyline><\/svg>\t    \t\t\t    \t\t\t        <\/div>\n\t        <div class=\"ot-icon-box__content\">\n\t        \t<h4 class=\"icon-box-title\">W3c Valid Code<\/h4>\t        \t\t\t\t\t\t\t\t\t\t\n\t\t\t\t\t\t\t<\/div>\n\t    <\/div>\n\t    \t\t\t\t<\/div>\n\t\t\t\t<\/div>\n\t\t\t\t<div class=\"elementor-element elementor-element-4be7112 ot-view-stacked ot-position-left ot-vertical-align-middle e-transform elementor-widget elementor-widget-iiconbox\" data-id=\"4be7112\" data-element_type=\"widget\" data-e-type=\"widget\" data-settings=\"{&quot;_transform_scale_effect_hover&quot;:{&quot;unit&quot;:&quot;px&quot;,&quot;size&quot;:1.05,&quot;sizes&quot;:[]},&quot;_transform_scale_effect_hover_tablet&quot;:{&quot;unit&quot;:&quot;px&quot;,&quot;size&quot;:&quot;&quot;,&quot;sizes&quot;:[]},&quot;_transform_scale_effect_hover_mobile&quot;:{&quot;unit&quot;:&quot;px&quot;,&quot;size&quot;:&quot;&quot;,&quot;sizes&quot;:[]}}\" data-widget_type=\"iiconbox.default\">\n\t\t\t\t<div class=\"elementor-widget-container\">\n\t\t\t\t\t\t\t<div class=\"ot-icon-box\">\n\t\t\t<div class=\"ot-icon-box__icon\">\n\t\t    \t\t\t    \t\t    \t\t\t    \t\t\t<svg xmlns=\"http:\/\/www.w3.org\/2000\/svg\" viewBox=\"0 0 24 24\" fill=\"none\" stroke=\"currentColor\" stroke-width=\"2\" stroke-linecap=\"round\" stroke-linejoin=\"round\" class=\"feather feather-globe\"><circle cx=\"12\" cy=\"12\" r=\"10\"><\/circle><line x1=\"2\" y1=\"12\" x2=\"22\" y2=\"12\"><\/line><path d=\"M12 2a15.3 15.3 0 0 1 4 10 15.3 15.3 0 0 1-4 10 15.3 15.3 0 0 1-4-10 15.3 15.3 0 0 1 4-10z\"><\/path><\/svg>\t    \t\t\t    \t\t\t        <\/div>\n\t        <div class=\"ot-icon-box__content\">\n\t        \t<h4 class=\"icon-box-title\">Browsers Compatible<\/h4>\t        \t\t\t\t\t\t\t\t\t\t\n\t\t\t\t\t\t\t<\/div>\n\t    <\/div>\n\t    \t\t\t\t<\/div>\n\t\t\t\t<\/div>\n\t\t\t\t<div class=\"elementor-element elementor-element-1ce08d7 ot-view-stacked ot-position-left ot-vertical-align-middle e-transform elementor-widget elementor-widget-iiconbox\" data-id=\"1ce08d7\" data-element_type=\"widget\" data-e-type=\"widget\" data-settings=\"{&quot;_transform_scale_effect_hover&quot;:{&quot;unit&quot;:&quot;px&quot;,&quot;size&quot;:1.05,&quot;sizes&quot;:[]},&quot;_transform_scale_effect_hover_tablet&quot;:{&quot;unit&quot;:&quot;px&quot;,&quot;size&quot;:&quot;&quot;,&quot;sizes&quot;:[]},&quot;_transform_scale_effect_hover_mobile&quot;:{&quot;unit&quot;:&quot;px&quot;,&quot;size&quot;:&quot;&quot;,&quot;sizes&quot;:[]}}\" data-widget_type=\"iiconbox.default\">\n\t\t\t\t<div class=\"elementor-widget-container\">\n\t\t\t\t\t\t\t<div class=\"ot-icon-box\">\n\t\t\t<div class=\"ot-icon-box__icon\">\n\t\t    \t\t\t    \t\t    \t\t\t    \t\t\t<svg xmlns=\"http:\/\/www.w3.org\/2000\/svg\" viewBox=\"0 0 24 24\" fill=\"none\" stroke=\"currentColor\" stroke-width=\"2\" stroke-linecap=\"round\" stroke-linejoin=\"round\" class=\"feather feather-settings\"><circle cx=\"12\" cy=\"12\" r=\"3\"><\/circle><path d=\"M19.4 15a1.65 1.65 0 0 0 .33 1.82l.06.06a2 2 0 0 1 0 2.83 2 2 0 0 1-2.83 0l-.06-.06a1.65 1.65 0 0 0-1.82-.33 1.65 1.65 0 0 0-1 1.51V21a2 2 0 0 1-2 2 2 2 0 0 1-2-2v-.09A1.65 1.65 0 0 0 9 19.4a1.65 1.65 0 0 0-1.82.33l-.06.06a2 2 0 0 1-2.83 0 2 2 0 0 1 0-2.83l.06-.06a1.65 1.65 0 0 0 .33-1.82 1.65 1.65 0 0 0-1.51-1H3a2 2 0 0 1-2-2 2 2 0 0 1 2-2h.09A1.65 1.65 0 0 0 4.6 9a1.65 1.65 0 0 0-.33-1.82l-.06-.06a2 2 0 0 1 0-2.83 2 2 0 0 1 2.83 0l.06.06a1.65 1.65 0 0 0 1.82.33H9a1.65 1.65 0 0 0 1-1.51V3a2 2 0 0 1 2-2 2 2 0 0 1 2 2v.09a1.65 1.65 0 0 0 1 1.51 1.65 1.65 0 0 0 1.82-.33l.06-.06a2 2 0 0 1 2.83 0 2 2 0 0 1 0 2.83l-.06.06a1.65 1.65 0 0 0-.33 1.82V9a1.65 1.65 0 0 0 1.51 1H21a2 2 0 0 1 2 2 2 2 0 0 1-2 2h-.09a1.65 1.65 0 0 0-1.51 1z\"><\/path><\/svg>\t    \t\t\t    \t\t\t        <\/div>\n\t        <div class=\"ot-icon-box__content\">\n\t        \t<h4 class=\"icon-box-title\">Easy to customize<\/h4>\t        \t\t\t\t\t\t\t\t\t\t\n\t\t\t\t\t\t\t<\/div>\n\t    <\/div>\n\t    \t\t\t\t<\/div>\n\t\t\t\t<\/div>\n\t\t\t\t\t<\/div>\n\t\t\t\t<\/div>\n\t\t\t\t<div class=\"elementor-element elementor-element-1ab63c8 elementor-align-center elementor-widget elementor-widget-ot-btn\" data-id=\"1ab63c8\" data-element_type=\"widget\" data-e-type=\"widget\" data-widget_type=\"ot-btn.default\">\n\t\t\t\t<div class=\"elementor-widget-container\">\n\t\t\t\t\t\t\t<div class=\"ot-button-wrapper octf-btn-icon-right\">\n\t\t\t<a href=\"#\" class=\"octf-btn\">\n\t\t\t\tSee More\t\t\t\t\t\t\t\t\t<i aria-hidden=\"true\" class=\" uil-arrow-right\"><\/i>\t\t\t\t\t\t\t<\/a>\n\t    <\/div>\n\t    \t\t\t\t<\/div>\n\t\t\t\t<\/div>\n\t\t\t\t\t<\/div>\n\t\t\t\t<\/div>\n\t\t\t\t<\/div>\n\t\t","protected":false},"excerpt":{"rendered":"<p>35+ Anosde mercado Quem somos ? A HIDRAUSUL atua desde 1991 no mercado de Automa\u00e7\u00e3o Industrial. Na condi\u00e7\u00e3o de Distribuidor Autorizado Parker Hannifin, a HIDRAUSUL disp\u00f5e de completa linha de produtos em Hidr\u00e1ulica, Pneum\u00e1tica e Filtros Industriais de alta qualidade. Atrav\u00e9s de uma equipe pronta a atender \u00e0s necessidades que se apresentem, a HIDRAUSUL tem [&hellip;]<\/p>\n","protected":false},"author":1,"featured_media":0,"parent":0,"menu_order":0,"comment_status":"closed","ping_status":"closed","template":"","meta":{"om_disable_all_campaigns":false,"_monsterinsights_skip_tracking":false,"_monsterinsights_sitenote_active":false,"_monsterinsights_sitenote_note":"","_monsterinsights_sitenote_category":0,"footnotes":""},"class_list":["post-2161","page","type-page","status-publish","hentry"],"aioseo_notices":[],"_links":{"self":[{"href":"https:\/\/hidrausul.dm2ti.com.br\/index.php\/wp-json\/wp\/v2\/pages\/2161","targetHints":{"allow":["GET"]}}],"collection":[{"href":"https:\/\/hidrausul.dm2ti.com.br\/index.php\/wp-json\/wp\/v2\/pages"}],"about":[{"href":"https:\/\/hidrausul.dm2ti.com.br\/index.php\/wp-json\/wp\/v2\/types\/page"}],"author":[{"embeddable":true,"href":"https:\/\/hidrausul.dm2ti.com.br\/index.php\/wp-json\/wp\/v2\/users\/1"}],"replies":[{"embeddable":true,"href":"https:\/\/hidrausul.dm2ti.com.br\/index.php\/wp-json\/wp\/v2\/comments?post=2161"}],"version-history":[{"count":24,"href":"https:\/\/hidrausul.dm2ti.com.br\/index.php\/wp-json\/wp\/v2\/pages\/2161\/revisions"}],"predecessor-version":[{"id":7365,"href":"https:\/\/hidrausul.dm2ti.com.br\/index.php\/wp-json\/wp\/v2\/pages\/2161\/revisions\/7365"}],"wp:attachment":[{"href":"https:\/\/hidrausul.dm2ti.com.br\/index.php\/wp-json\/wp\/v2\/media?parent=2161"}],"curies":[{"name":"wp","href":"https:\/\/api.w.org\/{rel}","templated":true}]}}